{"id":131,"date":"2019-09-10T15:05:41","date_gmt":"2019-09-10T15:05:41","guid":{"rendered":"https:\/\/wpjelly.com\/water\/?page_id=131"},"modified":"2025-05-22T12:15:15","modified_gmt":"2025-05-22T12:15:15","slug":"about-us","status":"publish","type":"page","link":"http:\/\/www.fernost.eu\/corneliajaeger\/about-us\/","title":{"rendered":"About Us"},"content":{"rendered":"\t\t<div data-elementor-type=\"wp-post\" data-elementor-id=\"131\" class=\"elementor elementor-131\">\n\t\t\t\t\t\t<section class=\"elementor-section elementor-top-section elementor-element elementor-element-f3512ac elementor-section-boxed elementor-section-height-default elementor-section-height-default\" data-id=\"f3512ac\" data-element_type=\"section\" data-settings=\"{&quot;background_background&quot;:&quot;classic&quot;}\">\n\t\t\t\t\t\t\t<div class=\"elementor-background-overlay\"><\/div>\n\t\t\t\t\t\t\t<div class=\"elementor-container elementor-column-gap-default\">\n\t\t\t\t\t<div class=\"elementor-column elementor-col-100 elementor-top-column elementor-element elementor-element-e8b5519\" data-id=\"e8b5519\" data-element_type=\"column\">\n\t\t\t<div class=\"elementor-widget-wrap elementor-element-populated\">\n\t\t\t\t\t\t<div class=\"elementor-element elementor-element-73b8e3c elementor-widget elementor-widget-heading\" data-id=\"73b8e3c\" data-element_type=\"widget\" data-widget_type=\"heading.default\">\n\t\t\t\t<div class=\"elementor-widget-container\">\n\t\t\t\t\t<h1 class=\"elementor-heading-title elementor-size-default\">\u00dcber Mich<\/h1>\t\t\t\t<\/div>\n\t\t\t\t<\/div>\n\t\t\t\t\t<\/div>\n\t\t<\/div>\n\t\t\t\t\t<\/div>\n\t\t<\/section>\n\t\t\t\t<section class=\"elementor-section elementor-top-section elementor-element elementor-element-4eb28ef1 elementor-section-boxed elementor-section-height-default elementor-section-height-default\" data-id=\"4eb28ef1\" data-element_type=\"section\">\n\t\t\t\t\t\t<div class=\"elementor-container elementor-column-gap-default\">\n\t\t\t\t\t<div class=\"elementor-column elementor-col-100 elementor-top-column elementor-element elementor-element-7f3378d5\" data-id=\"7f3378d5\" data-element_type=\"column\">\n\t\t\t<div class=\"elementor-widget-wrap elementor-element-populated\">\n\t\t\t\t\t\t<section class=\"elementor-section elementor-inner-section elementor-element elementor-element-846e6c5 elementor-section-boxed elementor-section-height-default elementor-section-height-default\" data-id=\"846e6c5\" data-element_type=\"section\">\n\t\t\t\t\t\t<div class=\"elementor-container elementor-column-gap-default\">\n\t\t\t\t\t<div class=\"elementor-column elementor-col-50 elementor-inner-column elementor-element elementor-element-1160c63\" data-id=\"1160c63\" data-element_type=\"column\">\n\t\t\t<div class=\"elementor-widget-wrap elementor-element-populated\">\n\t\t\t\t\t\t<div class=\"elementor-element elementor-element-0fe9056 elementor-widget elementor-widget-image\" data-id=\"0fe9056\" data-element_type=\"widget\" data-widget_type=\"image.default\">\n\t\t\t\t<div class=\"elementor-widget-container\">\n\t\t\t\t\t\t\t\t\t\t\t\t\t\t\t<img decoding=\"async\" src=\"http:\/\/www.fernost.eu\/corneliajaeger\/wp-content\/uploads\/elementor\/thumbs\/conny2-ol9hwo5s5p23wrmylm9wbirf5hqpdzdz6z3erxv26o.jpg\" title=\"conny2\" alt=\"conny2\" loading=\"lazy\" \/>\t\t\t\t\t\t\t\t\t\t\t\t\t\t\t<\/div>\n\t\t\t\t<\/div>\n\t\t\t\t\t<\/div>\n\t\t<\/div>\n\t\t\t\t<div class=\"elementor-column elementor-col-50 elementor-inner-column elementor-element elementor-element-3c1b0d0\" data-id=\"3c1b0d0\" data-element_type=\"column\">\n\t\t\t<div class=\"elementor-widget-wrap elementor-element-populated\">\n\t\t\t\t\t\t<div class=\"elementor-element elementor-element-1c97f849 elementor-widget elementor-widget-heading\" data-id=\"1c97f849\" data-element_type=\"widget\" data-widget_type=\"heading.default\">\n\t\t\t\t<div class=\"elementor-widget-container\">\n\t\t\t\t\t<h2 class=\"elementor-heading-title elementor-size-default\">Hallo!<\/h2>\t\t\t\t<\/div>\n\t\t\t\t<\/div>\n\t\t\t\t<div class=\"elementor-element elementor-element-4b82af37 elementor-widget elementor-widget-text-editor\" data-id=\"4b82af37\" data-element_type=\"widget\" data-widget_type=\"text-editor.default\">\n\t\t\t\t<div class=\"elementor-widget-container\">\n\t\t\t\t\t\t\t\t\t<div>\n<div>\n<p>Mein Name ist Cornelia J\u00e4ger.&nbsp; Ich bin in K\u00e4rnten geboren und lebe und arbeite in Klagenfurt. Mein Ausbildungsweg f\u00fchrte mich durch die Hotelfachschule und das Studium der Betriebswirtschaftslehre. Schon immer interessierte ich mich f\u00fcr alternative Heilmethoden was dazu f\u00fchrte, dass ich 2006 die Ausbildung zum Shiatsu Praktiker startete. <br>Das sch\u00f6ne Erlebnis, Menschen helfen zu k\u00f6nnen und die feste \u00dcberzeugung dass Krankheiten nicht nur k\u00f6rperliche Ursachen haben, best\u00e4rken mich in meinem Weg und bewegen mich dazu, mich st\u00e4ndig weiterzubilden. <br><\/p>\n<\/div>\n<\/div>\t\t\t\t\t\t\t\t<\/div>\n\t\t\t\t<\/div>\n\t\t\t\t\t<\/div>\n\t\t<\/div>\n\t\t\t\t\t<\/div>\n\t\t<\/section>\n\t\t\t\t<div class=\"elementor-element elementor-element-c29d087 elementor-widget elementor-widget-heading\" data-id=\"c29d087\" data-element_type=\"widget\" data-widget_type=\"heading.default\">\n\t\t\t\t<div class=\"elementor-widget-container\">\n\t\t\t\t\t<h2 class=\"elementor-heading-title elementor-size-default\">Aus- und Weiterbildungen:<\/h2>\t\t\t\t<\/div>\n\t\t\t\t<\/div>\n\t\t\t\t<div class=\"elementor-element elementor-element-739965d elementor-widget elementor-widget-text-editor\" data-id=\"739965d\" data-element_type=\"widget\" data-widget_type=\"text-editor.default\">\n\t\t\t\t<div class=\"elementor-widget-container\">\n\t\t\t\t\t\t\t\t\t<p>2025: Abschluss zertifizierte Ausbildung zum &#8220;Certified Sh\u014dnishin Master Acupuncturist&#8221; bei Dr. Thomas Wernicke<\/p><p>2025: Shonishin Advanced bei Dr. Thomas Wernicke<\/p><p>2025: Die Wundermeridiane im Shiatsu bei Claudia Picher<\/p><p>2024: LOMI Hapai &#8211; Hawaiianische K\u00f6rperarbeit f\u00fcr Schwangere bei Christina Egger<\/p><p>2023: Shiatsu &amp; Schwangerschaft Basisseminar bei Claudia Picher<\/p><p>2021: Ohashiatsu &#8211; Die Kunst der flie\u00dfenden \u00dcberg\u00e4nge bei Margarete Eller<\/p><p>2020\/2021: Lehrgang Cranio Sacrale Osteopathie f\u00fcr Erwachsene (CSO) FBZ Klagenfurt<\/p><p>2019: Meridian und Chakren im Shiatsu bei Diego Sanchez<\/p><p>2018: Lomi Lomi Nui &#8211; Hawaiianische K\u00f6rperarbeit nach Aunty Margeret Machado bei Oliver Reichholf und Karin Leitner<\/p><p>2015: Shonishin f\u00fcr Fortgeschrittene bei Masanori Tanioka (JPN)<\/p><p>2014: Goldnadel-Akupunktur (ohne Stechen) mit der Teishin Methode bei Toshikazu Ezaki (JPN)<\/p><p>2013: Shonishin (Kinderakupunktur ohne Stechen) bei Dr. Thomas Wernicke (DE)<\/p><p>2013: Shonishin Narbenbehandlung bei Dr. Thomas Wernicke (DE)<\/p><p>2013: Kindershiatsu bei Karin Kalbantner-Wernicke (DE)<\/p><p>2012: Lomi Lomi Nui (Hawaiianische K\u00f6rperarbeit) Ausbildung zum Lomi Lomi Nui Practitioner bei Oliver Reichholf<\/p><p>2010: Baby Shiatsu bei Karin-Kalbantner Wernicke (DE)<\/p><p>2006 &#8211; 2009: Shiatsu Ausbildung zur Diplomierten Shiatsu Praktikerin in der Shiatsu Schule K\u00e4rnten<\/p>\t\t\t\t\t\t\t\t<\/div>\n\t\t\t\t<\/div>\n\t\t\t\t<div class=\"elementor-element elementor-element-8c9c22c elementor-widget elementor-widget-heading\" data-id=\"8c9c22c\" data-element_type=\"widget\" data-widget_type=\"heading.default\">\n\t\t\t\t<div class=\"elementor-widget-container\">\n\t\t\t\t\t<h2 class=\"elementor-heading-title elementor-size-default\">Sonstige Aus- und Weiterbildungen:<\/h2>\t\t\t\t<\/div>\n\t\t\t\t<\/div>\n\t\t\t\t<div class=\"elementor-element elementor-element-837fd5e elementor-widget elementor-widget-text-editor\" data-id=\"837fd5e\" data-element_type=\"widget\" data-widget_type=\"text-editor.default\">\n\t\t\t\t<div class=\"elementor-widget-container\">\n\t\t\t\t\t\t\t\t\t<p>5-Elemente-Ern\u00e4hrung f\u00fcr Shiatsu Praktiker, Shiatsu bei Burnout Schr\u00f6pfen, Moxen, Gua Sha, APM (Akupunkt-Massage nach Penzel) Dorn-Breuss-Methode, Holistic Pulsing, Kinesiologie, Clean Language<\/p>\t\t\t\t\t\t\t\t<\/div>\n\t\t\t\t<\/div>\n\t\t\t\t\t<\/div>\n\t\t<\/div>\n\t\t\t\t\t<\/div>\n\t\t<\/section>\n\t\t\t\t<section class=\"elementor-section elementor-top-section elementor-element elementor-element-f9e1cba elementor-section-boxed elementor-section-height-default elementor-section-height-default\" data-id=\"f9e1cba\" data-element_type=\"section\">\n\t\t\t\t\t\t<div class=\"elementor-container elementor-column-gap-default\">\n\t\t\t\t\t\t<\/div>\n\t\t<\/section>\n\t\t\t\t<section class=\"elementor-section elementor-top-section elementor-element elementor-element-1bd2e72 elementor-section-boxed elementor-section-height-default elementor-section-height-default\" data-id=\"1bd2e72\" data-element_type=\"section\" data-settings=\"{&quot;background_background&quot;:&quot;classic&quot;}\">\n\t\t\t\t\t\t\t<div class=\"elementor-background-overlay\"><\/div>\n\t\t\t\t\t\t\t<div class=\"elementor-container elementor-column-gap-default\">\n\t\t\t\t\t<div class=\"elementor-column elementor-col-100 elementor-top-column elementor-element elementor-element-27b1f2e\" data-id=\"27b1f2e\" data-element_type=\"column\">\n\t\t\t<div class=\"elementor-widget-wrap elementor-element-populated\">\n\t\t\t\t\t\t<section class=\"elementor-section elementor-inner-section elementor-element elementor-element-c77a447 elementor-section-boxed elementor-section-height-default elementor-section-height-default\" data-id=\"c77a447\" data-element_type=\"section\">\n\t\t\t\t\t\t<div class=\"elementor-container elementor-column-gap-default\">\n\t\t\t\t\t<div class=\"elementor-column elementor-col-100 elementor-inner-column elementor-element elementor-element-37ea04e\" data-id=\"37ea04e\" data-element_type=\"column\">\n\t\t\t<div class=\"elementor-widget-wrap\">\n\t\t\t\t\t\t\t<\/div>\n\t\t<\/div>\n\t\t\t\t<div class=\"elementor-column elementor-col-100 elementor-inner-column elementor-element elementor-element-2131f3f\" data-id=\"2131f3f\" data-element_type=\"column\">\n\t\t\t<div class=\"elementor-widget-wrap\">\n\t\t\t\t\t\t\t<\/div>\n\t\t<\/div>\n\t\t\t\t\t<\/div>\n\t\t<\/section>\n\t\t\t\t\t<\/div>\n\t\t<\/div>\n\t\t\t\t\t<\/div>\n\t\t<\/section>\n\t\t\t\t<\/div>\n\t\t","protected":false},"excerpt":{"rendered":"<p>\u00dcber Mich Hallo! Mein Name ist Cornelia J\u00e4ger.&nbsp; Ich bin in K\u00e4rnten geboren und lebe und arbeite in Klagenfurt. Mein Ausbildungsweg f\u00fchrte mich durch die Hotelfachschule und das Studium der Betriebswirtschaftslehre. Schon immer interessierte ich mich f\u00fcr alternative Heilmethoden was dazu f\u00fchrte, dass ich 2006 die Ausbildung zum Shiatsu Praktiker startete. Das sch\u00f6ne Erlebnis, Menschen [&hellip;]<\/p>\n","protected":false},"author":1,"featured_media":0,"parent":0,"menu_order":0,"comment_status":"closed","ping_status":"closed","template":"elementor_header_footer","meta":{"ocean_post_layout":"","ocean_both_sidebars_style":"","ocean_both_sidebars_content_width":0,"ocean_both_sidebars_sidebars_width":0,"ocean_sidebar":"0","ocean_second_sidebar":"0","ocean_disable_margins":"enable","ocean_add_body_class":"","ocean_shortcode_before_top_bar":"","ocean_shortcode_after_top_bar":"","ocean_shortcode_before_header":"","ocean_shortcode_after_header":"","ocean_has_shortcode":"","ocean_shortcode_after_title":"","ocean_shortcode_before_footer_widgets":"","ocean_shortcode_after_footer_widgets":"","ocean_shortcode_before_footer_bottom":"","ocean_shortcode_after_footer_bottom":"","ocean_display_top_bar":"default","ocean_display_header":"default","ocean_header_style":"","ocean_center_header_left_menu":"0","ocean_custom_header_template":"0","ocean_custom_logo":0,"ocean_custom_retina_logo":0,"ocean_custom_logo_max_width":0,"ocean_custom_logo_tablet_max_width":0,"ocean_custom_logo_mobile_max_width":0,"ocean_custom_logo_max_height":0,"ocean_custom_logo_tablet_max_height":0,"ocean_custom_logo_mobile_max_height":0,"ocean_header_custom_menu":"0","ocean_menu_typo_font_family":"0","ocean_menu_typo_font_subset":"","ocean_menu_typo_font_size":0,"ocean_menu_typo_font_size_tablet":0,"ocean_menu_typo_font_size_mobile":0,"ocean_menu_typo_font_size_unit":"px","ocean_menu_typo_font_weight":"","ocean_menu_typo_font_weight_tablet":"","ocean_menu_typo_font_weight_mobile":"","ocean_menu_typo_transform":"","ocean_menu_typo_transform_tablet":"","ocean_menu_typo_transform_mobile":"","ocean_menu_typo_line_height":0,"ocean_menu_typo_line_height_tablet":0,"ocean_menu_typo_line_height_mobile":0,"ocean_menu_typo_line_height_unit":"","ocean_menu_typo_spacing":0,"ocean_menu_typo_spacing_tablet":0,"ocean_menu_typo_spacing_mobile":0,"ocean_menu_typo_spacing_unit":"","ocean_menu_link_color":"","ocean_menu_link_color_hover":"","ocean_menu_link_color_active":"","ocean_menu_link_background":"","ocean_menu_link_hover_background":"","ocean_menu_link_active_background":"","ocean_menu_social_links_bg":"","ocean_menu_social_hover_links_bg":"","ocean_menu_social_links_color":"","ocean_menu_social_hover_links_color":"","ocean_disable_title":"default","ocean_disable_heading":"default","ocean_post_title":"","ocean_post_subheading":"","ocean_post_title_style":"","ocean_post_title_background_color":"","ocean_post_title_background":0,"ocean_post_title_bg_image_position":"","ocean_post_title_bg_image_attachment":"","ocean_post_title_bg_image_repeat":"","ocean_post_title_bg_image_size":"","ocean_post_title_height":0,"ocean_post_title_bg_overlay":0.5,"ocean_post_title_bg_overlay_color":"","ocean_disable_breadcrumbs":"default","ocean_breadcrumbs_color":"","ocean_breadcrumbs_separator_color":"","ocean_breadcrumbs_links_color":"","ocean_breadcrumbs_links_hover_color":"","ocean_display_footer_widgets":"default","ocean_display_footer_bottom":"default","ocean_custom_footer_template":"0","footnotes":""},"class_list":["post-131","page","type-page","status-publish","hentry","entry"],"_links":{"self":[{"href":"http:\/\/www.fernost.eu\/corneliajaeger\/wp-json\/wp\/v2\/pages\/131","targetHints":{"allow":["GET"]}}],"collection":[{"href":"http:\/\/www.fernost.eu\/corneliajaeger\/wp-json\/wp\/v2\/pages"}],"about":[{"href":"http:\/\/www.fernost.eu\/corneliajaeger\/wp-json\/wp\/v2\/types\/page"}],"author":[{"embeddable":true,"href":"http:\/\/www.fernost.eu\/corneliajaeger\/wp-json\/wp\/v2\/users\/1"}],"replies":[{"embeddable":true,"href":"http:\/\/www.fernost.eu\/corneliajaeger\/wp-json\/wp\/v2\/comments?post=131"}],"version-history":[{"count":31,"href":"http:\/\/www.fernost.eu\/corneliajaeger\/wp-json\/wp\/v2\/pages\/131\/revisions"}],"predecessor-version":[{"id":633,"href":"http:\/\/www.fernost.eu\/corneliajaeger\/wp-json\/wp\/v2\/pages\/131\/revisions\/633"}],"wp:attachment":[{"href":"http:\/\/www.fernost.eu\/corneliajaeger\/wp-json\/wp\/v2\/media?parent=131"}],"curies":[{"name":"wp","href":"https:\/\/api.w.org\/{rel}","templated":true}]}}